{"id":6344,"date":"2022-12-19T06:51:34","date_gmt":"2022-12-19T11:51:34","guid":{"rendered":"https:\/\/gladiium.com\/?page_id=6344"},"modified":"2026-04-11T03:00:46","modified_gmt":"2026-04-11T07:00:46","slug":"blog","status":"publish","type":"page","link":"https:\/\/gladiium.com\/pt_pt\/blog\/","title":{"rendered":"Blog"},"content":{"rendered":"<div data-elementor-type=\"wp-page\" data-elementor-id=\"6344\" class=\"elementor elementor-6344\" data-elementor-post-type=\"page\">\n\t\t\t\t<div class=\"elementor-element elementor-element-a973ac8 e-flex e-con-boxed e-con e-parent\" data-id=\"a973ac8\" data-element_type=\"container\" data-e-type=\"container\">\n\t\t\t\t\t<div class=\"e-con-inner\">\n\t\t\t\t<div class=\"elementor-element elementor-element-158c59f elementor-grid-3 elementor-grid-tablet-2 elementor-grid-mobile-1 elementor-posts--thumbnail-top elementor-card-shadow-yes elementor-posts__hover-gradient elementor-widget elementor-widget-posts\" data-id=\"158c59f\" data-element_type=\"widget\" data-e-type=\"widget\" data-settings=\"{&quot;pagination_type&quot;:&quot;numbers_and_prev_next&quot;,&quot;cards_columns&quot;:&quot;3&quot;,&quot;cards_columns_tablet&quot;:&quot;2&quot;,&quot;cards_columns_mobile&quot;:&quot;1&quot;,&quot;cards_row_gap&quot;:{&quot;unit&quot;:&quot;px&quot;,&quot;size&quot;:35,&quot;sizes&quot;:[]},&quot;cards_row_gap_widescreen&quot;:{&quot;unit&quot;:&quot;px&quot;,&quot;size&quot;:&quot;&quot;,&quot;sizes&quot;:[]},&quot;cards_row_gap_tablet&quot;:{&quot;unit&quot;:&quot;px&quot;,&quot;size&quot;:&quot;&quot;,&quot;sizes&quot;:[]},&quot;cards_row_gap_mobile&quot;:{&quot;unit&quot;:&quot;px&quot;,&quot;size&quot;:&quot;&quot;,&quot;sizes&quot;:[]}}\" data-widget_type=\"posts.cards\">\n\t\t\t\t<div class=\"elementor-widget-container\">\n\t\t\t\t\t\t\t<div class=\"elementor-posts-container elementor-posts elementor-posts--skin-cards elementor-grid\" role=\"list\">\n\t\t\t\t<article class=\"elementor-post elementor-grid-item post-7112 post type-post status-publish format-standard has-post-thumbnail hentry category-cybersecurity tag-edr tag-ingenieria-social tag-latinoamerica tag-mfa tag-mssp tag-network-security tag-ot-security tag-proteccion-de-datos tag-zero-trust\" role=\"listitem\">\n\t\t\t<div class=\"elementor-post__card\">\n\t\t\t\t<a class=\"elementor-post__thumbnail__link\" href=\"https:\/\/gladiium.com\/pt_pt\/mssp-latin-america\/\" tabindex=\"-1\" ><div class=\"elementor-post__thumbnail\"><img decoding=\"async\" width=\"300\" height=\"69\" src=\"https:\/\/gladiium.com\/wp-content\/uploads\/Gladiium-Logo-degradado-1-300x69.png\" class=\"attachment-medium size-medium wp-image-6399\" alt=\"\" srcset=\"https:\/\/gladiium.com\/wp-content\/uploads\/Gladiium-Logo-degradado-1-300x69.png 300w, https:\/\/gladiium.com\/wp-content\/uploads\/Gladiium-Logo-degradado-1-1024x236.png 1024w, https:\/\/gladiium.com\/wp-content\/uploads\/Gladiium-Logo-degradado-1-768x177.png 768w, https:\/\/gladiium.com\/wp-content\/uploads\/Gladiium-Logo-degradado-1-1536x355.png 1536w, https:\/\/gladiium.com\/wp-content\/uploads\/Gladiium-Logo-degradado-1-2048x473.png 2048w, https:\/\/gladiium.com\/wp-content\/uploads\/Gladiium-Logo-degradado-1-18x4.png 18w\" sizes=\"(max-width: 300px) 100vw, 300px\" \/><\/div><\/a>\n\t\t\t\t<div class=\"elementor-post__badge\">Ciberseguran\u00e7a<\/div>\n\t\t\t\t<div class=\"elementor-post__text\">\n\t\t\t\t<h3 class=\"elementor-post__title\">\n\t\t\t<a href=\"https:\/\/gladiium.com\/pt_pt\/mssp-latin-america\/\" >\n\t\t\t\tMSSP Am\u00e9rica Latina | Servi\u00e7os Gerenciados de Seguran\u00e7a | GLADiiUM\t\t\t<\/a>\n\t\t<\/h3>\n\t\t\t\t<div class=\"elementor-post__excerpt\">\n\t\t\t<p>A GLADiiUM Technology Partners \u00e9 o principal Provedor de Servi\u00e7os de Seguran\u00e7a Gerida (MSSP) para a Am\u00e9rica Latina, com opera\u00e7\u00f5es ativas em Honduras, Panam\u00e1, Costa Rica, El Salvador, M\u00e9xico, Miami e Porto Rico. Ciberseguran\u00e7a empresarial, opera\u00e7\u00f5es bil\u00edngues, mais de 20 anos de experi\u00eancia regional.<\/p>\n\t\t<\/div>\n\t\t\t\t\t<div class=\"elementor-post__read-more-wrapper\">\n\t\t\n\t\t<a class=\"elementor-post__read-more\" href=\"https:\/\/gladiium.com\/pt_pt\/mssp-latin-america\/\" aria-label=\"Read more about MSSP Latin America | Managed Security Services | GLADiiUM\" tabindex=\"-1\" >\n\t\t\tLer mais \u00bb\t\t<\/a>\n\n\t\t\t\t\t<\/div>\n\t\t\t\t<\/div>\n\t\t\t\t<div class=\"elementor-post__meta-data\">\n\t\t\t\t\t<span class=\"elementor-post-date\">\n\t\t\t11 de abril de 2026\t\t<\/span>\n\t\t\t\t<\/div>\n\t\t\t\t\t<\/div>\n\t\t<\/article>\n\t\t\t\t<article class=\"elementor-post elementor-grid-item post-7110 post type-post status-publish format-standard has-post-thumbnail hentry category-cybersecurity tag-latinoamerica tag-mfa tag-mssp tag-proteccion-de-datos tag-puerto-rico tag-zero-trust\" role=\"listitem\">\n\t\t\t<div class=\"elementor-post__card\">\n\t\t\t\t<a class=\"elementor-post__thumbnail__link\" href=\"https:\/\/gladiium.com\/pt_pt\/cybersecurity-puerto-rico\/\" tabindex=\"-1\" ><div class=\"elementor-post__thumbnail\"><img decoding=\"async\" width=\"300\" height=\"69\" src=\"https:\/\/gladiium.com\/wp-content\/uploads\/Gladiium-Logo-degradado-1-300x69.png\" class=\"attachment-medium size-medium wp-image-6399\" alt=\"\" srcset=\"https:\/\/gladiium.com\/wp-content\/uploads\/Gladiium-Logo-degradado-1-300x69.png 300w, https:\/\/gladiium.com\/wp-content\/uploads\/Gladiium-Logo-degradado-1-1024x236.png 1024w, https:\/\/gladiium.com\/wp-content\/uploads\/Gladiium-Logo-degradado-1-768x177.png 768w, https:\/\/gladiium.com\/wp-content\/uploads\/Gladiium-Logo-degradado-1-1536x355.png 1536w, https:\/\/gladiium.com\/wp-content\/uploads\/Gladiium-Logo-degradado-1-2048x473.png 2048w, https:\/\/gladiium.com\/wp-content\/uploads\/Gladiium-Logo-degradado-1-18x4.png 18w\" sizes=\"(max-width: 300px) 100vw, 300px\" \/><\/div><\/a>\n\t\t\t\t<div class=\"elementor-post__badge\">Ciberseguran\u00e7a<\/div>\n\t\t\t\t<div class=\"elementor-post__text\">\n\t\t\t\t<h3 class=\"elementor-post__title\">\n\t\t\t<a href=\"https:\/\/gladiium.com\/pt_pt\/cybersecurity-puerto-rico\/\" >\n\t\t\t\tCiberseguran\u00e7a em Porto Rico | Servi\u00e7os MSSP | GLADiiUM\t\t\t<\/a>\n\t\t<\/h3>\n\t\t\t\t<div class=\"elementor-post__excerpt\">\n\t\t\t<p>A GLADiiUM Technology Partners fornece ciberseguran\u00e7a empresarial em Porto Rico. Protegemos empresas farmac\u00eauticas, prestadores de cuidados de sa\u00fade, institui\u00e7\u00f5es financeiras e governamentais com conformidade HIPAA, GLBA, PCI-DSS e servi\u00e7os de MSSP bil\u00edngues.<\/p>\n\t\t<\/div>\n\t\t\t\t\t<div class=\"elementor-post__read-more-wrapper\">\n\t\t\n\t\t<a class=\"elementor-post__read-more\" href=\"https:\/\/gladiium.com\/pt_pt\/cybersecurity-puerto-rico\/\" aria-label=\"Read more about Cybersecurity in Puerto Rico | MSSP Services | GLADiiUM\" tabindex=\"-1\" >\n\t\t\tLer mais \u00bb\t\t<\/a>\n\n\t\t\t\t\t<\/div>\n\t\t\t\t<\/div>\n\t\t\t\t<div class=\"elementor-post__meta-data\">\n\t\t\t\t\t<span class=\"elementor-post-date\">\n\t\t\t11 de abril de 2026\t\t<\/span>\n\t\t\t\t<\/div>\n\t\t\t\t\t<\/div>\n\t\t<\/article>\n\t\t\t\t<article class=\"elementor-post elementor-grid-item post-7108 post type-post status-publish format-standard has-post-thumbnail hentry category-cybersecurity tag-latinoamerica tag-mfa tag-miami tag-mssp tag-proteccion-de-datos tag-zero-trust\" role=\"listitem\">\n\t\t\t<div class=\"elementor-post__card\">\n\t\t\t\t<a class=\"elementor-post__thumbnail__link\" href=\"https:\/\/gladiium.com\/pt_pt\/cybersecurity-miami-florida\/\" tabindex=\"-1\" ><div class=\"elementor-post__thumbnail\"><img decoding=\"async\" width=\"300\" height=\"69\" src=\"https:\/\/gladiium.com\/wp-content\/uploads\/Gladiium-Logo-degradado-1-300x69.png\" class=\"attachment-medium size-medium wp-image-6399\" alt=\"\" srcset=\"https:\/\/gladiium.com\/wp-content\/uploads\/Gladiium-Logo-degradado-1-300x69.png 300w, https:\/\/gladiium.com\/wp-content\/uploads\/Gladiium-Logo-degradado-1-1024x236.png 1024w, https:\/\/gladiium.com\/wp-content\/uploads\/Gladiium-Logo-degradado-1-768x177.png 768w, https:\/\/gladiium.com\/wp-content\/uploads\/Gladiium-Logo-degradado-1-1536x355.png 1536w, https:\/\/gladiium.com\/wp-content\/uploads\/Gladiium-Logo-degradado-1-2048x473.png 2048w, https:\/\/gladiium.com\/wp-content\/uploads\/Gladiium-Logo-degradado-1-18x4.png 18w\" sizes=\"(max-width: 300px) 100vw, 300px\" \/><\/div><\/a>\n\t\t\t\t<div class=\"elementor-post__badge\">Ciberseguran\u00e7a<\/div>\n\t\t\t\t<div class=\"elementor-post__text\">\n\t\t\t\t<h3 class=\"elementor-post__title\">\n\t\t\t<a href=\"https:\/\/gladiium.com\/pt_pt\/cybersecurity-miami-florida\/\" >\n\t\t\t\tCiberseguran\u00e7a Miami Fl\u00f3rida | Servi\u00e7os MSSP | GLADiiUM\t\t\t<\/a>\n\t\t<\/h3>\n\t\t\t\t<div class=\"elementor-post__excerpt\">\n\t\t\t<p>A GLADiiUM Technology Partners \u00e9 a MSSP de confian\u00e7a de Miami, com sede em Coral Gables, FL. Protegemos empresas do sul da Fl\u00f3rida com EDR, programas de seguran\u00e7a HIPAA, prote\u00e7\u00e3o BEC, SOC 24\/7 e conhecimentos especializados em regulamenta\u00e7\u00e3o dos EUA e Am\u00e9rica Latina.<\/p>\n\t\t<\/div>\n\t\t\t\t\t<div class=\"elementor-post__read-more-wrapper\">\n\t\t\n\t\t<a class=\"elementor-post__read-more\" href=\"https:\/\/gladiium.com\/pt_pt\/cybersecurity-miami-florida\/\" aria-label=\"Read more about Cybersecurity Miami Florida | MSSP Services | GLADiiUM\" tabindex=\"-1\" >\n\t\t\tLer mais \u00bb\t\t<\/a>\n\n\t\t\t\t\t<\/div>\n\t\t\t\t<\/div>\n\t\t\t\t<div class=\"elementor-post__meta-data\">\n\t\t\t\t\t<span class=\"elementor-post-date\">\n\t\t\t11 de abril de 2026\t\t<\/span>\n\t\t\t\t<\/div>\n\t\t\t\t\t<\/div>\n\t\t<\/article>\n\t\t\t\t<article class=\"elementor-post elementor-grid-item post-7106 post type-post status-publish format-standard has-post-thumbnail hentry category-cybersecurity tag-latinoamerica tag-mexico tag-mfa tag-mssp tag-proteccion-de-datos tag-zero-trust\" role=\"listitem\">\n\t\t\t<div class=\"elementor-post__card\">\n\t\t\t\t<a class=\"elementor-post__thumbnail__link\" href=\"https:\/\/gladiium.com\/pt_pt\/cybersecurity-mexico\/\" tabindex=\"-1\" ><div class=\"elementor-post__thumbnail\"><img decoding=\"async\" width=\"300\" height=\"69\" src=\"https:\/\/gladiium.com\/wp-content\/uploads\/Gladiium-Logo-degradado-1-300x69.png\" class=\"attachment-medium size-medium wp-image-6399\" alt=\"\" srcset=\"https:\/\/gladiium.com\/wp-content\/uploads\/Gladiium-Logo-degradado-1-300x69.png 300w, https:\/\/gladiium.com\/wp-content\/uploads\/Gladiium-Logo-degradado-1-1024x236.png 1024w, https:\/\/gladiium.com\/wp-content\/uploads\/Gladiium-Logo-degradado-1-768x177.png 768w, https:\/\/gladiium.com\/wp-content\/uploads\/Gladiium-Logo-degradado-1-1536x355.png 1536w, https:\/\/gladiium.com\/wp-content\/uploads\/Gladiium-Logo-degradado-1-2048x473.png 2048w, https:\/\/gladiium.com\/wp-content\/uploads\/Gladiium-Logo-degradado-1-18x4.png 18w\" sizes=\"(max-width: 300px) 100vw, 300px\" \/><\/div><\/a>\n\t\t\t\t<div class=\"elementor-post__badge\">Ciberseguran\u00e7a<\/div>\n\t\t\t\t<div class=\"elementor-post__text\">\n\t\t\t\t<h3 class=\"elementor-post__title\">\n\t\t\t<a href=\"https:\/\/gladiium.com\/pt_pt\/cybersecurity-mexico\/\" >\n\t\t\t\tCiberseguran\u00e7a no M\u00e9xico | Servi\u00e7os MSSP | GLADiiUM\t\t\t<\/a>\n\t\t<\/h3>\n\t\t\t\t<div class=\"elementor-post__excerpt\">\n\t\t\t<p>A GLADiiUM Technology Partners fornece servi\u00e7os de ciberseguran\u00e7a empresarial no M\u00e9xico. Protegemos bancos, fabricantes e empresas na Cidade do M\u00e9xico, Monterrey e Guadalajara com servi\u00e7os MSSP, SOC 24\/7, conformidade LFPDPPP e apoio regulat\u00f3rio CNBV.<\/p>\n\t\t<\/div>\n\t\t\t\t\t<div class=\"elementor-post__read-more-wrapper\">\n\t\t\n\t\t<a class=\"elementor-post__read-more\" href=\"https:\/\/gladiium.com\/pt_pt\/cybersecurity-mexico\/\" aria-label=\"Read more about Cybersecurity in Mexico | MSSP Services | GLADiiUM\" tabindex=\"-1\" >\n\t\t\tLer mais \u00bb\t\t<\/a>\n\n\t\t\t\t\t<\/div>\n\t\t\t\t<\/div>\n\t\t\t\t<div class=\"elementor-post__meta-data\">\n\t\t\t\t\t<span class=\"elementor-post-date\">\n\t\t\t11 de abril de 2026\t\t<\/span>\n\t\t\t\t<\/div>\n\t\t\t\t\t<\/div>\n\t\t<\/article>\n\t\t\t\t<article class=\"elementor-post elementor-grid-item post-7101 post type-post status-publish format-standard has-post-thumbnail hentry category-cybersecurity tag-el-salvador tag-latinoamerica tag-mfa tag-mssp tag-proteccion-de-datos tag-zero-trust\" role=\"listitem\">\n\t\t\t<div class=\"elementor-post__card\">\n\t\t\t\t<a class=\"elementor-post__thumbnail__link\" href=\"https:\/\/gladiium.com\/pt_pt\/cybersecurity-el-salvador\/\" tabindex=\"-1\" ><div class=\"elementor-post__thumbnail\"><img decoding=\"async\" width=\"300\" height=\"69\" src=\"https:\/\/gladiium.com\/wp-content\/uploads\/Gladiium-Logo-degradado-1-300x69.png\" class=\"attachment-medium size-medium wp-image-6399\" alt=\"\" srcset=\"https:\/\/gladiium.com\/wp-content\/uploads\/Gladiium-Logo-degradado-1-300x69.png 300w, https:\/\/gladiium.com\/wp-content\/uploads\/Gladiium-Logo-degradado-1-1024x236.png 1024w, https:\/\/gladiium.com\/wp-content\/uploads\/Gladiium-Logo-degradado-1-768x177.png 768w, https:\/\/gladiium.com\/wp-content\/uploads\/Gladiium-Logo-degradado-1-1536x355.png 1536w, https:\/\/gladiium.com\/wp-content\/uploads\/Gladiium-Logo-degradado-1-2048x473.png 2048w, https:\/\/gladiium.com\/wp-content\/uploads\/Gladiium-Logo-degradado-1-18x4.png 18w\" sizes=\"(max-width: 300px) 100vw, 300px\" \/><\/div><\/a>\n\t\t\t\t<div class=\"elementor-post__badge\">Ciberseguran\u00e7a<\/div>\n\t\t\t\t<div class=\"elementor-post__text\">\n\t\t\t\t<h3 class=\"elementor-post__title\">\n\t\t\t<a href=\"https:\/\/gladiium.com\/pt_pt\/cybersecurity-el-salvador\/\" >\n\t\t\t\tCiberseguran\u00e7a em El Salvador | Servi\u00e7os MSSP | GLADiiUM\t\t\t<\/a>\n\t\t<\/h3>\n\t\t\t\t<div class=\"elementor-post__excerpt\">\n\t\t\t<p>A GLADiiUM Technology Partners fornece servi\u00e7os de ciberseguran\u00e7a empresarial em El Salvador. Protegemos institui\u00e7\u00f5es financeiras, fabricantes e entidades governamentais em San Salvador com servi\u00e7os MSSP, EDR, MFA, SOC 24\/7 e apoio \u00e0 conformidade SSF.<\/p>\n\t\t<\/div>\n\t\t\t\t\t<div class=\"elementor-post__read-more-wrapper\">\n\t\t\n\t\t<a class=\"elementor-post__read-more\" href=\"https:\/\/gladiium.com\/pt_pt\/cybersecurity-el-salvador\/\" aria-label=\"Read more about Cybersecurity in El Salvador | MSSP Services | GLADiiUM\" tabindex=\"-1\" >\n\t\t\tLer mais \u00bb\t\t<\/a>\n\n\t\t\t\t\t<\/div>\n\t\t\t\t<\/div>\n\t\t\t\t<div class=\"elementor-post__meta-data\">\n\t\t\t\t\t<span class=\"elementor-post-date\">\n\t\t\t11 de abril de 2026\t\t<\/span>\n\t\t\t\t<\/div>\n\t\t\t\t\t<\/div>\n\t\t<\/article>\n\t\t\t\t<article class=\"elementor-post elementor-grid-item post-7096 post type-post status-publish format-standard has-post-thumbnail hentry category-cybersecurity tag-costa-rica tag-latinoamerica tag-mfa tag-mssp tag-proteccion-de-datos tag-zero-trust\" role=\"listitem\">\n\t\t\t<div class=\"elementor-post__card\">\n\t\t\t\t<a class=\"elementor-post__thumbnail__link\" href=\"https:\/\/gladiium.com\/pt_pt\/cybersecurity-costa-rica\/\" tabindex=\"-1\" ><div class=\"elementor-post__thumbnail\"><img decoding=\"async\" width=\"300\" height=\"69\" src=\"https:\/\/gladiium.com\/wp-content\/uploads\/Gladiium-Logo-degradado-1-300x69.png\" class=\"attachment-medium size-medium wp-image-6399\" alt=\"\" srcset=\"https:\/\/gladiium.com\/wp-content\/uploads\/Gladiium-Logo-degradado-1-300x69.png 300w, https:\/\/gladiium.com\/wp-content\/uploads\/Gladiium-Logo-degradado-1-1024x236.png 1024w, https:\/\/gladiium.com\/wp-content\/uploads\/Gladiium-Logo-degradado-1-768x177.png 768w, https:\/\/gladiium.com\/wp-content\/uploads\/Gladiium-Logo-degradado-1-1536x355.png 1536w, https:\/\/gladiium.com\/wp-content\/uploads\/Gladiium-Logo-degradado-1-2048x473.png 2048w, https:\/\/gladiium.com\/wp-content\/uploads\/Gladiium-Logo-degradado-1-18x4.png 18w\" sizes=\"(max-width: 300px) 100vw, 300px\" \/><\/div><\/a>\n\t\t\t\t<div class=\"elementor-post__badge\">Ciberseguran\u00e7a<\/div>\n\t\t\t\t<div class=\"elementor-post__text\">\n\t\t\t\t<h3 class=\"elementor-post__title\">\n\t\t\t<a href=\"https:\/\/gladiium.com\/pt_pt\/cybersecurity-costa-rica\/\" >\n\t\t\t\tCiberseguran\u00e7a na Costa Rica | Servi\u00e7os de MSSP | GLADiiUM\t\t\t<\/a>\n\t\t<\/h3>\n\t\t\t\t<div class=\"elementor-post__excerpt\">\n\t\t\t<p>A GLADiiUM Technology Partners \u00e9 a Provedora de Servi\u00e7os Gerenciados de Seguran\u00e7a (MSSP) de confian\u00e7a para ciberseguran\u00e7a na Costa Rica. Protegemos provedores de TI nearshore, institui\u00e7\u00f5es financeiras e empresas em San Jos\u00e9 com SOC 24\/7, EDR, MFA e suporte completo de conformidade para SOC 2, ISO 27001 e Lei 8968.<\/p>\n\t\t<\/div>\n\t\t\t\t\t<div class=\"elementor-post__read-more-wrapper\">\n\t\t\n\t\t<a class=\"elementor-post__read-more\" href=\"https:\/\/gladiium.com\/pt_pt\/cybersecurity-costa-rica\/\" aria-label=\"Read more about Cybersecurity in Costa Rica | MSSP Services | GLADiiUM\" tabindex=\"-1\" >\n\t\t\tLer mais \u00bb\t\t<\/a>\n\n\t\t\t\t\t<\/div>\n\t\t\t\t<\/div>\n\t\t\t\t<div class=\"elementor-post__meta-data\">\n\t\t\t\t\t<span class=\"elementor-post-date\">\n\t\t\t11 de abril de 2026\t\t<\/span>\n\t\t\t\t<\/div>\n\t\t\t\t\t<\/div>\n\t\t<\/article>\n\t\t\t\t<\/div>\n\t\t\n\t\t\t\t<div class=\"e-load-more-anchor\" data-page=\"1\" data-max-page=\"5\" data-next-page=\"https:\/\/gladiium.com\/pt_pt\/wp-json\/wp\/v2\/pages\/6344\/page\/2\/\"><\/div>\n\t\t\t\t<nav class=\"elementor-pagination\" aria-label=\"Pagination\">\n\t\t\t<span class=\"page-numbers prev\">\u00ab Anterior<\/span>\n<span aria-current=\"page\" class=\"page-numbers current\"><span class=\"elementor-screen-only\">P\u00e1gina<\/span>1<\/span>\n<a class=\"page-numbers\" href=\"https:\/\/gladiium.com\/pt_pt\/wp-json\/wp\/v2\/pages\/6344\/page\/2\/\"><span class=\"elementor-screen-only\">P\u00e1gina<\/span>2<\/a>\n<a class=\"page-numbers\" href=\"https:\/\/gladiium.com\/pt_pt\/wp-json\/wp\/v2\/pages\/6344\/page\/3\/\"><span class=\"elementor-screen-only\">P\u00e1gina<\/span>3<\/a>\n<a class=\"page-numbers\" href=\"https:\/\/gladiium.com\/pt_pt\/wp-json\/wp\/v2\/pages\/6344\/page\/4\/\"><span class=\"elementor-screen-only\">P\u00e1gina<\/span>4<\/a>\n<a class=\"page-numbers\" href=\"https:\/\/gladiium.com\/pt_pt\/wp-json\/wp\/v2\/pages\/6344\/page\/5\/\"><span class=\"elementor-screen-only\">P\u00e1gina<\/span>5<\/a>\n<a class=\"page-numbers next\" href=\"https:\/\/gladiium.com\/pt_pt\/wp-json\/wp\/v2\/pages\/6344\/page\/2\/\">Seguinte \u00bb<\/a>\t\t<\/nav>\n\t\t\t\t\t\t<\/div>\n\t\t\t\t<\/div>\n\t\t\t\t\t<\/div>\n\t\t\t\t<\/div>\n\t\t\t\t<\/div>","protected":false},"excerpt":{"rendered":"","protected":false},"author":10,"featured_media":0,"parent":0,"menu_order":0,"comment_status":"closed","ping_status":"closed","template":"","meta":{"rank_math_title":"Cybersecurity Blog | GLADiiUM Technology Partners","rank_math_description":"The GLADiiUM cybersecurity blog \u2014 insights on MSSP services, Zero Trust, OT security and threat intelligence for businesses in Latin America and the US.","rank_math_focus_keyword":"cybersecurity blog Latin America","rank_math_seo_score":"14","footnotes":"","_links_to":"","_links_to_target":""},"class_list":["post-6344","page","type-page","status-publish","hentry"],"_links":{"self":[{"href":"https:\/\/gladiium.com\/pt_pt\/wp-json\/wp\/v2\/pages\/6344","targetHints":{"allow":["GET"]}}],"collection":[{"href":"https:\/\/gladiium.com\/pt_pt\/wp-json\/wp\/v2\/pages"}],"about":[{"href":"https:\/\/gladiium.com\/pt_pt\/wp-json\/wp\/v2\/types\/page"}],"author":[{"embeddable":true,"href":"https:\/\/gladiium.com\/pt_pt\/wp-json\/wp\/v2\/users\/10"}],"replies":[{"embeddable":true,"href":"https:\/\/gladiium.com\/pt_pt\/wp-json\/wp\/v2\/comments?post=6344"}],"version-history":[{"count":7,"href":"https:\/\/gladiium.com\/pt_pt\/wp-json\/wp\/v2\/pages\/6344\/revisions"}],"predecessor-version":[{"id":7122,"href":"https:\/\/gladiium.com\/pt_pt\/wp-json\/wp\/v2\/pages\/6344\/revisions\/7122"}],"wp:attachment":[{"href":"https:\/\/gladiium.com\/pt_pt\/wp-json\/wp\/v2\/media?parent=6344"}],"curies":[{"name":"\u00c9 indispens\u00e1vel","href":"https:\/\/api.w.org\/{rel}","templated":true}]}}